{"id":4600,"date":"2025-12-16T07:33:07","date_gmt":"2025-12-16T07:33:07","guid":{"rendered":"https:\/\/thesoundofsportscars.at\/?post_type=product&#038;p=4600"},"modified":"2025-12-16T07:33:26","modified_gmt":"2025-12-16T07:33:26","slug":"kaffee-kurven-becher-3-0-espresso2go-the-sound-of-sportscars-salzburg-edition","status":"publish","type":"product","link":"https:\/\/thesoundofsportscars.at\/en\/product\/kaffee-kurven-becher-3-0-espresso2go-the-sound-of-sportscars-salzburg-edition\/","title":{"rendered":"Coffee &amp; Curves Mug 3.0 - Espresso2Go THE SOUND OF SPORTSCARS Salzburg Edition"},"content":{"rendered":"<div class=\"woocommerce-product-details__short-description\">\n<p class=\"gt-block\">Coffee to go espresso mug made of porcelain! The plastic lid fits tightly, is characterised by a very pleasant drinking experience (no silicone!) and contains - of course! - no harmful additives.<\/p>\n<div class=\"wc_details_left\"><strong>Contents:<\/strong> 0.15 l<\/div>\n<div class=\"wc_details_left\"><strong>Diameter:<\/strong> 70 mm<\/div>\n<div class=\"wc_details_right\"><strong>Height:<\/strong> 75 mm<\/div>\n<div class=\"wc_details_left\"><strong>Weight:<\/strong> 120 g<\/div>\n<div class=\"wc_details_right\"><\/div>\n<p class=\"gt-block\"><strong><span class=\"spezifikation\">Material: porcelain \/ plastic elastomer<br \/>\n<\/span><\/strong><\/p>\n<\/div>","protected":false},"excerpt":{"rendered":"<p>#Coffee-and-curves mug in the espresso version with high-quality transfer print in red, white and black in our classic The Sound of Sportscars Salzburg design. Lid in white for easy to-go enjoyment.<\/p>","protected":false},"featured_media":4448,"template":"","meta":[],"product_brand":[],"product_cat":[38,39],"product_tag":[],"class_list":{"0":"post-4600","1":"product","2":"type-product","3":"status-publish","4":"has-post-thumbnail","6":"product_cat-becher-tassen","7":"product_cat-kaffee-zubehoer","8":"product_shipping_class-standard-versand","10":"first","11":"instock","12":"taxable","13":"shipping-taxable","14":"purchasable","15":"product-type-simple"},"yoast_head":"<!-- This site is optimized with the Yoast SEO plugin v27.5 - https:\/\/yoast.com\/product\/yoast-seo-wordpress\/ -->\n<title>Kaffee &amp; Kurven Becher 3.0 - Espresso2Go THE SOUND OF SPORTSCARS Salzburg Edition - #thesoundofsportscars<\/title>\n<meta name=\"robots\" content=\"index, follow, max-snippet:-1, max-image-preview:large, max-video-preview:-1\" \/>\n<link rel=\"canonical\" href=\"https:\/\/thesoundofsportscars.at\/en\/product\/kaffee-kurven-becher-3-0-espresso2go-the-sound-of-sportscars-salzburg-edition\/\" \/>\n<meta property=\"og:locale\" content=\"en_GB\" \/>\n<meta property=\"og:type\" content=\"article\" \/>\n<meta property=\"og:title\" content=\"Kaffee &amp; Kurven Becher 3.0 - Espresso2Go THE SOUND OF SPORTSCARS Salzburg Edition - #thesoundofsportscars\" \/>\n<meta property=\"og:description\" content=\"#KaffeeundKurvenBecher in der Espresso-Ausf\u00fchrung mit hochwertigem Transferdruck in rot-wei\u00df-schwarz in unserem klassischen The Sound of Sportscars Salzburg Design. Deckel in wei\u00df f\u00fcr den problemlosen To-Go-Genuss.\" \/>\n<meta property=\"og:url\" content=\"https:\/\/thesoundofsportscars.at\/en\/product\/kaffee-kurven-becher-3-0-espresso2go-the-sound-of-sportscars-salzburg-edition\/\" \/>\n<meta property=\"og:site_name\" content=\"#thesoundofsportscars\" \/>\n<meta property=\"article:publisher\" content=\"https:\/\/www.facebook.com\/thesoundofsportscars\/\" \/>\n<meta property=\"article:modified_time\" content=\"2025-12-16T07:33:26+00:00\" \/>\n<meta property=\"og:image\" content=\"https:\/\/thesoundofsportscars.at\/wp-content\/uploads\/2025\/12\/IMG-20210917-WA0007.webp\" \/>\n\t<meta property=\"og:image:width\" content=\"1600\" \/>\n\t<meta property=\"og:image:height\" content=\"1200\" \/>\n\t<meta property=\"og:image:type\" content=\"image\/webp\" \/>\n<meta name=\"twitter:card\" content=\"summary_large_image\" \/>\n<meta name=\"twitter:label1\" content=\"Estimated reading time\" \/>\n\t<meta name=\"twitter:data1\" content=\"1 minute\" \/>\n<script type=\"application\/ld+json\" class=\"yoast-schema-graph\">{\"@context\":\"https:\\\/\\\/schema.org\",\"@graph\":[{\"@type\":\"WebPage\",\"@id\":\"https:\\\/\\\/thesoundofsportscars.at\\\/produkt\\\/kaffee-kurven-becher-3-0-espresso2go-the-sound-of-sportscars-salzburg-edition\\\/\",\"url\":\"https:\\\/\\\/thesoundofsportscars.at\\\/produkt\\\/kaffee-kurven-becher-3-0-espresso2go-the-sound-of-sportscars-salzburg-edition\\\/\",\"name\":\"Kaffee &amp; Kurven Becher 3.0 - Espresso2Go THE SOUND OF SPORTSCARS Salzburg Edition - #thesoundofsportscars\",\"isPartOf\":{\"@id\":\"https:\\\/\\\/thesoundofsportscars.at\\\/#website\"},\"primaryImageOfPage\":{\"@id\":\"https:\\\/\\\/thesoundofsportscars.at\\\/produkt\\\/kaffee-kurven-becher-3-0-espresso2go-the-sound-of-sportscars-salzburg-edition\\\/#primaryimage\"},\"image\":{\"@id\":\"https:\\\/\\\/thesoundofsportscars.at\\\/produkt\\\/kaffee-kurven-becher-3-0-espresso2go-the-sound-of-sportscars-salzburg-edition\\\/#primaryimage\"},\"thumbnailUrl\":\"https:\\\/\\\/thesoundofsportscars.at\\\/wp-content\\\/uploads\\\/2025\\\/12\\\/IMG-20210917-WA0007.webp\",\"datePublished\":\"2025-12-16T07:33:07+00:00\",\"dateModified\":\"2025-12-16T07:33:26+00:00\",\"breadcrumb\":{\"@id\":\"https:\\\/\\\/thesoundofsportscars.at\\\/produkt\\\/kaffee-kurven-becher-3-0-espresso2go-the-sound-of-sportscars-salzburg-edition\\\/#breadcrumb\"},\"inLanguage\":\"en-GB\",\"potentialAction\":[{\"@type\":\"ReadAction\",\"target\":[\"https:\\\/\\\/thesoundofsportscars.at\\\/produkt\\\/kaffee-kurven-becher-3-0-espresso2go-the-sound-of-sportscars-salzburg-edition\\\/\"]}]},{\"@type\":\"ImageObject\",\"inLanguage\":\"en-GB\",\"@id\":\"https:\\\/\\\/thesoundofsportscars.at\\\/produkt\\\/kaffee-kurven-becher-3-0-espresso2go-the-sound-of-sportscars-salzburg-edition\\\/#primaryimage\",\"url\":\"https:\\\/\\\/thesoundofsportscars.at\\\/wp-content\\\/uploads\\\/2025\\\/12\\\/IMG-20210917-WA0007.webp\",\"contentUrl\":\"https:\\\/\\\/thesoundofsportscars.at\\\/wp-content\\\/uploads\\\/2025\\\/12\\\/IMG-20210917-WA0007.webp\",\"width\":1600,\"height\":1200},{\"@type\":\"BreadcrumbList\",\"@id\":\"https:\\\/\\\/thesoundofsportscars.at\\\/produkt\\\/kaffee-kurven-becher-3-0-espresso2go-the-sound-of-sportscars-salzburg-edition\\\/#breadcrumb\",\"itemListElement\":[{\"@type\":\"ListItem\",\"position\":1,\"name\":\"Startseite\",\"item\":\"https:\\\/\\\/thesoundofsportscars.at\\\/\"},{\"@type\":\"ListItem\",\"position\":2,\"name\":\"Produkte\",\"item\":\"https:\\\/\\\/thesoundofsportscars.at\\\/shop\\\/\"},{\"@type\":\"ListItem\",\"position\":3,\"name\":\"Kaffee &amp; Kurven Becher 3.0 &#8211; Espresso2Go THE SOUND OF SPORTSCARS Salzburg Edition\"}]},{\"@type\":\"WebSite\",\"@id\":\"https:\\\/\\\/thesoundofsportscars.at\\\/#website\",\"url\":\"https:\\\/\\\/thesoundofsportscars.at\\\/\",\"name\":\"#thesoundofsportscars\",\"description\":\"The annual sportscars meeting in austria\",\"publisher\":{\"@id\":\"https:\\\/\\\/thesoundofsportscars.at\\\/#organization\"},\"potentialAction\":[{\"@type\":\"SearchAction\",\"target\":{\"@type\":\"EntryPoint\",\"urlTemplate\":\"https:\\\/\\\/thesoundofsportscars.at\\\/?s={search_term_string}\"},\"query-input\":{\"@type\":\"PropertyValueSpecification\",\"valueRequired\":true,\"valueName\":\"search_term_string\"}}],\"inLanguage\":\"en-GB\"},{\"@type\":\"Organization\",\"@id\":\"https:\\\/\\\/thesoundofsportscars.at\\\/#organization\",\"name\":\"#thesoundofsportscars\",\"url\":\"https:\\\/\\\/thesoundofsportscars.at\\\/\",\"logo\":{\"@type\":\"ImageObject\",\"inLanguage\":\"en-GB\",\"@id\":\"https:\\\/\\\/thesoundofsportscars.at\\\/#\\\/schema\\\/logo\\\/image\\\/\",\"url\":\"https:\\\/\\\/thesoundofsportscars.at\\\/wp-content\\\/uploads\\\/2025\\\/08\\\/LogoTSOS500px.png\",\"contentUrl\":\"https:\\\/\\\/thesoundofsportscars.at\\\/wp-content\\\/uploads\\\/2025\\\/08\\\/LogoTSOS500px.png\",\"width\":500,\"height\":479,\"caption\":\"#thesoundofsportscars\"},\"image\":{\"@id\":\"https:\\\/\\\/thesoundofsportscars.at\\\/#\\\/schema\\\/logo\\\/image\\\/\"},\"sameAs\":[\"https:\\\/\\\/www.facebook.com\\\/thesoundofsportscars\\\/\",\"https:\\\/\\\/www.instagram.com\\\/thesoundofsportscars\\\/\"]}]}<\/script>\n<!-- \/ Yoast SEO plugin. -->","yoast_head_json":{"title":"Kaffee &amp; Kurven Becher 3.0 - Espresso2Go THE SOUND OF SPORTSCARS Salzburg Edition - #thesoundofsportscars","robots":{"index":"index","follow":"follow","max-snippet":"max-snippet:-1","max-image-preview":"max-image-preview:large","max-video-preview":"max-video-preview:-1"},"canonical":"https:\/\/thesoundofsportscars.at\/en\/product\/kaffee-kurven-becher-3-0-espresso2go-the-sound-of-sportscars-salzburg-edition\/","og_locale":"en_GB","og_type":"article","og_title":"Kaffee &amp; Kurven Becher 3.0 - Espresso2Go THE SOUND OF SPORTSCARS Salzburg Edition - #thesoundofsportscars","og_description":"#KaffeeundKurvenBecher in der Espresso-Ausf\u00fchrung mit hochwertigem Transferdruck in rot-wei\u00df-schwarz in unserem klassischen The Sound of Sportscars Salzburg Design. Deckel in wei\u00df f\u00fcr den problemlosen To-Go-Genuss.","og_url":"https:\/\/thesoundofsportscars.at\/en\/product\/kaffee-kurven-becher-3-0-espresso2go-the-sound-of-sportscars-salzburg-edition\/","og_site_name":"#thesoundofsportscars","article_publisher":"https:\/\/www.facebook.com\/thesoundofsportscars\/","article_modified_time":"2025-12-16T07:33:26+00:00","og_image":[{"width":1600,"height":1200,"url":"https:\/\/thesoundofsportscars.at\/wp-content\/uploads\/2025\/12\/IMG-20210917-WA0007.webp","type":"image\/webp"}],"twitter_card":"summary_large_image","twitter_misc":{"Estimated reading time":"1 minute"},"schema":{"@context":"https:\/\/schema.org","@graph":[{"@type":"WebPage","@id":"https:\/\/thesoundofsportscars.at\/produkt\/kaffee-kurven-becher-3-0-espresso2go-the-sound-of-sportscars-salzburg-edition\/","url":"https:\/\/thesoundofsportscars.at\/produkt\/kaffee-kurven-becher-3-0-espresso2go-the-sound-of-sportscars-salzburg-edition\/","name":"Kaffee &amp; Kurven Becher 3.0 - Espresso2Go THE SOUND OF SPORTSCARS Salzburg Edition - #thesoundofsportscars","isPartOf":{"@id":"https:\/\/thesoundofsportscars.at\/#website"},"primaryImageOfPage":{"@id":"https:\/\/thesoundofsportscars.at\/produkt\/kaffee-kurven-becher-3-0-espresso2go-the-sound-of-sportscars-salzburg-edition\/#primaryimage"},"image":{"@id":"https:\/\/thesoundofsportscars.at\/produkt\/kaffee-kurven-becher-3-0-espresso2go-the-sound-of-sportscars-salzburg-edition\/#primaryimage"},"thumbnailUrl":"https:\/\/thesoundofsportscars.at\/wp-content\/uploads\/2025\/12\/IMG-20210917-WA0007.webp","datePublished":"2025-12-16T07:33:07+00:00","dateModified":"2025-12-16T07:33:26+00:00","breadcrumb":{"@id":"https:\/\/thesoundofsportscars.at\/produkt\/kaffee-kurven-becher-3-0-espresso2go-the-sound-of-sportscars-salzburg-edition\/#breadcrumb"},"inLanguage":"en-GB","potentialAction":[{"@type":"ReadAction","target":["https:\/\/thesoundofsportscars.at\/produkt\/kaffee-kurven-becher-3-0-espresso2go-the-sound-of-sportscars-salzburg-edition\/"]}]},{"@type":"ImageObject","inLanguage":"en-GB","@id":"https:\/\/thesoundofsportscars.at\/produkt\/kaffee-kurven-becher-3-0-espresso2go-the-sound-of-sportscars-salzburg-edition\/#primaryimage","url":"https:\/\/thesoundofsportscars.at\/wp-content\/uploads\/2025\/12\/IMG-20210917-WA0007.webp","contentUrl":"https:\/\/thesoundofsportscars.at\/wp-content\/uploads\/2025\/12\/IMG-20210917-WA0007.webp","width":1600,"height":1200},{"@type":"BreadcrumbList","@id":"https:\/\/thesoundofsportscars.at\/produkt\/kaffee-kurven-becher-3-0-espresso2go-the-sound-of-sportscars-salzburg-edition\/#breadcrumb","itemListElement":[{"@type":"ListItem","position":1,"name":"Startseite","item":"https:\/\/thesoundofsportscars.at\/"},{"@type":"ListItem","position":2,"name":"Produkte","item":"https:\/\/thesoundofsportscars.at\/shop\/"},{"@type":"ListItem","position":3,"name":"Kaffee &amp; Kurven Becher 3.0 &#8211; Espresso2Go THE SOUND OF SPORTSCARS Salzburg Edition"}]},{"@type":"WebSite","@id":"https:\/\/thesoundofsportscars.at\/#website","url":"https:\/\/thesoundofsportscars.at\/","name":"#thesoundofsportscars","description":"The annual sportscars meeting in austria","publisher":{"@id":"https:\/\/thesoundofsportscars.at\/#organization"},"potentialAction":[{"@type":"SearchAction","target":{"@type":"EntryPoint","urlTemplate":"https:\/\/thesoundofsportscars.at\/?s={search_term_string}"},"query-input":{"@type":"PropertyValueSpecification","valueRequired":true,"valueName":"search_term_string"}}],"inLanguage":"en-GB"},{"@type":"Organization","@id":"https:\/\/thesoundofsportscars.at\/#organization","name":"#thesoundofsportscars","url":"https:\/\/thesoundofsportscars.at\/","logo":{"@type":"ImageObject","inLanguage":"en-GB","@id":"https:\/\/thesoundofsportscars.at\/#\/schema\/logo\/image\/","url":"https:\/\/thesoundofsportscars.at\/wp-content\/uploads\/2025\/08\/LogoTSOS500px.png","contentUrl":"https:\/\/thesoundofsportscars.at\/wp-content\/uploads\/2025\/08\/LogoTSOS500px.png","width":500,"height":479,"caption":"#thesoundofsportscars"},"image":{"@id":"https:\/\/thesoundofsportscars.at\/#\/schema\/logo\/image\/"},"sameAs":["https:\/\/www.facebook.com\/thesoundofsportscars\/","https:\/\/www.instagram.com\/thesoundofsportscars\/"]}]}},"_links":{"self":[{"href":"https:\/\/thesoundofsportscars.at\/en\/wp-json\/wp\/v2\/product\/4600","targetHints":{"allow":["GET"]}}],"collection":[{"href":"https:\/\/thesoundofsportscars.at\/en\/wp-json\/wp\/v2\/product"}],"about":[{"href":"https:\/\/thesoundofsportscars.at\/en\/wp-json\/wp\/v2\/types\/product"}],"wp:featuredmedia":[{"embeddable":true,"href":"https:\/\/thesoundofsportscars.at\/en\/wp-json\/wp\/v2\/media\/4448"}],"wp:attachment":[{"href":"https:\/\/thesoundofsportscars.at\/en\/wp-json\/wp\/v2\/media?parent=4600"}],"wp:term":[{"taxonomy":"product_brand","embeddable":true,"href":"https:\/\/thesoundofsportscars.at\/en\/wp-json\/wp\/v2\/product_brand?post=4600"},{"taxonomy":"product_cat","embeddable":true,"href":"https:\/\/thesoundofsportscars.at\/en\/wp-json\/wp\/v2\/product_cat?post=4600"},{"taxonomy":"product_tag","embeddable":true,"href":"https:\/\/thesoundofsportscars.at\/en\/wp-json\/wp\/v2\/product_tag?post=4600"}],"curies":[{"name":"wp","href":"https:\/\/api.w.org\/{rel}","templated":true}]}}