{"id":4566,"date":"2025-12-16T07:32:35","date_gmt":"2025-12-16T07:32:35","guid":{"rendered":"https:\/\/thesoundofsportscars.at\/?post_type=product&#038;p=4566"},"modified":"2025-12-16T07:33:31","modified_gmt":"2025-12-16T07:33:31","slug":"kaffee-kurven-t-shirt-damen-all-white-sondermodell","status":"publish","type":"product","link":"https:\/\/thesoundofsportscars.at\/en\/product\/kaffee-kurven-t-shirt-damen-all-white-sondermodell\/","title":{"rendered":"Coffee &amp; Curves T-Shirt Ladies ALL WHITE special edition"},"content":{"rendered":"<p><em><strong>V-neck jersey T-shirt for women, white with white screen print in three places<br \/>\n<\/strong><\/em><em>Material 100% combed cotton; jersey<br \/>\nGrammage 145 g\/m\u00b2<br \/>\n<\/em><em>Slim fit, with side seams, <\/em><\/p>","protected":false},"excerpt":{"rendered":"<p><strong><em>#KaffeeundKurvenShirt V-neck jersey T-shirt for women with screen print (white on white) in three places<br \/>\n<\/em><\/strong><\/p>","protected":false},"featured_media":0,"template":"","meta":[],"product_brand":[],"product_cat":[40],"product_tag":[],"class_list":{"0":"post-4566","1":"product","2":"type-product","3":"status-publish","5":"product_cat-kleidung","6":"product_shipping_class-standard-versand","8":"first","9":"instock","10":"taxable","11":"shipping-taxable","12":"purchasable","13":"product-type-variable"},"yoast_head":"<!-- This site is optimized with the Yoast SEO plugin v27.5 - https:\/\/yoast.com\/product\/yoast-seo-wordpress\/ -->\n<title>Kaffee &amp; Kurven T-Shirt Damen ALL WHITE Sondermodell - #thesoundofsportscars<\/title>\n<meta name=\"robots\" content=\"index, follow, max-snippet:-1, max-image-preview:large, max-video-preview:-1\" \/>\n<link rel=\"canonical\" href=\"https:\/\/thesoundofsportscars.at\/en\/product\/kaffee-kurven-t-shirt-damen-all-white-sondermodell\/\" \/>\n<meta property=\"og:locale\" content=\"en_GB\" \/>\n<meta property=\"og:type\" content=\"article\" \/>\n<meta property=\"og:title\" content=\"Kaffee &amp; Kurven T-Shirt Damen ALL WHITE Sondermodell - #thesoundofsportscars\" \/>\n<meta property=\"og:description\" content=\"#KaffeeundKurvenShirt Jersey T-Shirt mit V-Ausschnitt f\u00fcr Damen mit Siebdruck (wei\u00df auf wei\u00df) an drei Stellen\" \/>\n<meta property=\"og:url\" content=\"https:\/\/thesoundofsportscars.at\/en\/product\/kaffee-kurven-t-shirt-damen-all-white-sondermodell\/\" \/>\n<meta property=\"og:site_name\" content=\"#thesoundofsportscars\" \/>\n<meta property=\"article:publisher\" content=\"https:\/\/www.facebook.com\/thesoundofsportscars\/\" \/>\n<meta property=\"article:modified_time\" content=\"2025-12-16T07:33:31+00:00\" \/>\n<meta name=\"twitter:card\" content=\"summary_large_image\" \/>\n<meta name=\"twitter:label1\" content=\"Estimated reading time\" \/>\n\t<meta name=\"twitter:data1\" content=\"1 minute\" \/>\n<script type=\"application\/ld+json\" class=\"yoast-schema-graph\">{\"@context\":\"https:\\\/\\\/schema.org\",\"@graph\":[{\"@type\":\"WebPage\",\"@id\":\"https:\\\/\\\/thesoundofsportscars.at\\\/produkt\\\/kaffee-kurven-t-shirt-damen-all-white-sondermodell\\\/\",\"url\":\"https:\\\/\\\/thesoundofsportscars.at\\\/produkt\\\/kaffee-kurven-t-shirt-damen-all-white-sondermodell\\\/\",\"name\":\"Kaffee &amp; Kurven T-Shirt Damen ALL WHITE Sondermodell - #thesoundofsportscars\",\"isPartOf\":{\"@id\":\"https:\\\/\\\/thesoundofsportscars.at\\\/#website\"},\"datePublished\":\"2025-12-16T07:32:35+00:00\",\"dateModified\":\"2025-12-16T07:33:31+00:00\",\"breadcrumb\":{\"@id\":\"https:\\\/\\\/thesoundofsportscars.at\\\/produkt\\\/kaffee-kurven-t-shirt-damen-all-white-sondermodell\\\/#breadcrumb\"},\"inLanguage\":\"en-GB\",\"potentialAction\":[{\"@type\":\"ReadAction\",\"target\":[\"https:\\\/\\\/thesoundofsportscars.at\\\/produkt\\\/kaffee-kurven-t-shirt-damen-all-white-sondermodell\\\/\"]}]},{\"@type\":\"BreadcrumbList\",\"@id\":\"https:\\\/\\\/thesoundofsportscars.at\\\/produkt\\\/kaffee-kurven-t-shirt-damen-all-white-sondermodell\\\/#breadcrumb\",\"itemListElement\":[{\"@type\":\"ListItem\",\"position\":1,\"name\":\"Startseite\",\"item\":\"https:\\\/\\\/thesoundofsportscars.at\\\/\"},{\"@type\":\"ListItem\",\"position\":2,\"name\":\"Produkte\",\"item\":\"https:\\\/\\\/thesoundofsportscars.at\\\/shop\\\/\"},{\"@type\":\"ListItem\",\"position\":3,\"name\":\"Kaffee &amp; Kurven T-Shirt Damen ALL WHITE Sondermodell\"}]},{\"@type\":\"WebSite\",\"@id\":\"https:\\\/\\\/thesoundofsportscars.at\\\/#website\",\"url\":\"https:\\\/\\\/thesoundofsportscars.at\\\/\",\"name\":\"#thesoundofsportscars\",\"description\":\"The annual sportscars meeting in austria\",\"publisher\":{\"@id\":\"https:\\\/\\\/thesoundofsportscars.at\\\/#organization\"},\"potentialAction\":[{\"@type\":\"SearchAction\",\"target\":{\"@type\":\"EntryPoint\",\"urlTemplate\":\"https:\\\/\\\/thesoundofsportscars.at\\\/?s={search_term_string}\"},\"query-input\":{\"@type\":\"PropertyValueSpecification\",\"valueRequired\":true,\"valueName\":\"search_term_string\"}}],\"inLanguage\":\"en-GB\"},{\"@type\":\"Organization\",\"@id\":\"https:\\\/\\\/thesoundofsportscars.at\\\/#organization\",\"name\":\"#thesoundofsportscars\",\"url\":\"https:\\\/\\\/thesoundofsportscars.at\\\/\",\"logo\":{\"@type\":\"ImageObject\",\"inLanguage\":\"en-GB\",\"@id\":\"https:\\\/\\\/thesoundofsportscars.at\\\/#\\\/schema\\\/logo\\\/image\\\/\",\"url\":\"https:\\\/\\\/thesoundofsportscars.at\\\/wp-content\\\/uploads\\\/2025\\\/08\\\/LogoTSOS500px.png\",\"contentUrl\":\"https:\\\/\\\/thesoundofsportscars.at\\\/wp-content\\\/uploads\\\/2025\\\/08\\\/LogoTSOS500px.png\",\"width\":500,\"height\":479,\"caption\":\"#thesoundofsportscars\"},\"image\":{\"@id\":\"https:\\\/\\\/thesoundofsportscars.at\\\/#\\\/schema\\\/logo\\\/image\\\/\"},\"sameAs\":[\"https:\\\/\\\/www.facebook.com\\\/thesoundofsportscars\\\/\",\"https:\\\/\\\/www.instagram.com\\\/thesoundofsportscars\\\/\"]}]}<\/script>\n<!-- \/ Yoast SEO plugin. -->","yoast_head_json":{"title":"Kaffee &amp; Kurven T-Shirt Damen ALL WHITE Sondermodell - #thesoundofsportscars","robots":{"index":"index","follow":"follow","max-snippet":"max-snippet:-1","max-image-preview":"max-image-preview:large","max-video-preview":"max-video-preview:-1"},"canonical":"https:\/\/thesoundofsportscars.at\/en\/product\/kaffee-kurven-t-shirt-damen-all-white-sondermodell\/","og_locale":"en_GB","og_type":"article","og_title":"Kaffee &amp; Kurven T-Shirt Damen ALL WHITE Sondermodell - #thesoundofsportscars","og_description":"#KaffeeundKurvenShirt Jersey T-Shirt mit V-Ausschnitt f\u00fcr Damen mit Siebdruck (wei\u00df auf wei\u00df) an drei Stellen","og_url":"https:\/\/thesoundofsportscars.at\/en\/product\/kaffee-kurven-t-shirt-damen-all-white-sondermodell\/","og_site_name":"#thesoundofsportscars","article_publisher":"https:\/\/www.facebook.com\/thesoundofsportscars\/","article_modified_time":"2025-12-16T07:33:31+00:00","twitter_card":"summary_large_image","twitter_misc":{"Estimated reading time":"1 minute"},"schema":{"@context":"https:\/\/schema.org","@graph":[{"@type":"WebPage","@id":"https:\/\/thesoundofsportscars.at\/produkt\/kaffee-kurven-t-shirt-damen-all-white-sondermodell\/","url":"https:\/\/thesoundofsportscars.at\/produkt\/kaffee-kurven-t-shirt-damen-all-white-sondermodell\/","name":"Kaffee &amp; Kurven T-Shirt Damen ALL WHITE Sondermodell - #thesoundofsportscars","isPartOf":{"@id":"https:\/\/thesoundofsportscars.at\/#website"},"datePublished":"2025-12-16T07:32:35+00:00","dateModified":"2025-12-16T07:33:31+00:00","breadcrumb":{"@id":"https:\/\/thesoundofsportscars.at\/produkt\/kaffee-kurven-t-shirt-damen-all-white-sondermodell\/#breadcrumb"},"inLanguage":"en-GB","potentialAction":[{"@type":"ReadAction","target":["https:\/\/thesoundofsportscars.at\/produkt\/kaffee-kurven-t-shirt-damen-all-white-sondermodell\/"]}]},{"@type":"BreadcrumbList","@id":"https:\/\/thesoundofsportscars.at\/produkt\/kaffee-kurven-t-shirt-damen-all-white-sondermodell\/#breadcrumb","itemListElement":[{"@type":"ListItem","position":1,"name":"Startseite","item":"https:\/\/thesoundofsportscars.at\/"},{"@type":"ListItem","position":2,"name":"Produkte","item":"https:\/\/thesoundofsportscars.at\/shop\/"},{"@type":"ListItem","position":3,"name":"Kaffee &amp; Kurven T-Shirt Damen ALL WHITE Sondermodell"}]},{"@type":"WebSite","@id":"https:\/\/thesoundofsportscars.at\/#website","url":"https:\/\/thesoundofsportscars.at\/","name":"#thesoundofsportscars","description":"The annual sportscars meeting in austria","publisher":{"@id":"https:\/\/thesoundofsportscars.at\/#organization"},"potentialAction":[{"@type":"SearchAction","target":{"@type":"EntryPoint","urlTemplate":"https:\/\/thesoundofsportscars.at\/?s={search_term_string}"},"query-input":{"@type":"PropertyValueSpecification","valueRequired":true,"valueName":"search_term_string"}}],"inLanguage":"en-GB"},{"@type":"Organization","@id":"https:\/\/thesoundofsportscars.at\/#organization","name":"#thesoundofsportscars","url":"https:\/\/thesoundofsportscars.at\/","logo":{"@type":"ImageObject","inLanguage":"en-GB","@id":"https:\/\/thesoundofsportscars.at\/#\/schema\/logo\/image\/","url":"https:\/\/thesoundofsportscars.at\/wp-content\/uploads\/2025\/08\/LogoTSOS500px.png","contentUrl":"https:\/\/thesoundofsportscars.at\/wp-content\/uploads\/2025\/08\/LogoTSOS500px.png","width":500,"height":479,"caption":"#thesoundofsportscars"},"image":{"@id":"https:\/\/thesoundofsportscars.at\/#\/schema\/logo\/image\/"},"sameAs":["https:\/\/www.facebook.com\/thesoundofsportscars\/","https:\/\/www.instagram.com\/thesoundofsportscars\/"]}]}},"_links":{"self":[{"href":"https:\/\/thesoundofsportscars.at\/en\/wp-json\/wp\/v2\/product\/4566","targetHints":{"allow":["GET"]}}],"collection":[{"href":"https:\/\/thesoundofsportscars.at\/en\/wp-json\/wp\/v2\/product"}],"about":[{"href":"https:\/\/thesoundofsportscars.at\/en\/wp-json\/wp\/v2\/types\/product"}],"wp:attachment":[{"href":"https:\/\/thesoundofsportscars.at\/en\/wp-json\/wp\/v2\/media?parent=4566"}],"wp:term":[{"taxonomy":"product_brand","embeddable":true,"href":"https:\/\/thesoundofsportscars.at\/en\/wp-json\/wp\/v2\/product_brand?post=4566"},{"taxonomy":"product_cat","embeddable":true,"href":"https:\/\/thesoundofsportscars.at\/en\/wp-json\/wp\/v2\/product_cat?post=4566"},{"taxonomy":"product_tag","embeddable":true,"href":"https:\/\/thesoundofsportscars.at\/en\/wp-json\/wp\/v2\/product_tag?post=4566"}],"curies":[{"name":"wp","href":"https:\/\/api.w.org\/{rel}","templated":true}]}}