{"id":4525,"date":"2025-12-16T07:32:09","date_gmt":"2025-12-16T07:32:09","guid":{"rendered":"https:\/\/thesoundofsportscars.at\/?post_type=product&#038;p=4525"},"modified":"2025-12-16T07:32:32","modified_gmt":"2025-12-16T07:32:32","slug":"kaffee-kurven-t-shirt-schwarz-herren-a","status":"publish","type":"product","link":"https:\/\/thesoundofsportscars.at\/en\/product\/kaffee-kurven-t-shirt-schwarz-herren-a\/","title":{"rendered":"Coffee &amp; Curves T-shirt black, men's A"},"content":{"rendered":"<p><strong>V-neck T-shirt for men with screen printing in three places, available in sizes S to XXL<\/strong><\/p>\n<p><em>100% OCS-certified, combed ring-spun organic cotton; single jersey 155 g\/m\u00b2<br \/>\n<\/em><em>Organic cotton, reinforced shoulder seams, ribbed collar with elastane, overlapping V-neck, shoulder-neck tape, side seams,<br \/>\n<\/em><em>small size label in the neck, care label in the side seam<\/em><\/p>\n<p><em>\u00a0<\/em><\/p>","protected":false},"excerpt":{"rendered":"<p><strong><em>#KaffeeundKurvenShirt V-neck T-shirt for men with screen printing in three places, available in sizes S to XXL<br \/>\n<\/em><\/strong><\/p>","protected":false},"featured_media":4548,"template":"","meta":[],"product_brand":[],"product_cat":[40],"product_tag":[],"class_list":{"0":"post-4525","1":"product","2":"type-product","3":"status-publish","4":"has-post-thumbnail","6":"product_cat-kleidung","7":"product_shipping_class-standard-versand","9":"first","10":"instock","11":"taxable","12":"shipping-taxable","13":"purchasable","14":"product-type-variable"},"yoast_head":"<!-- This site is optimized with the Yoast SEO plugin v27.5 - https:\/\/yoast.com\/product\/yoast-seo-wordpress\/ -->\n<title>Kaffee &amp; Kurven T-Shirt schwarz, Herren A - #thesoundofsportscars<\/title>\n<meta name=\"robots\" content=\"index, follow, max-snippet:-1, max-image-preview:large, max-video-preview:-1\" \/>\n<link rel=\"canonical\" href=\"https:\/\/thesoundofsportscars.at\/en\/product\/kaffee-kurven-t-shirt-schwarz-herren-a\/\" \/>\n<meta property=\"og:locale\" content=\"en_GB\" \/>\n<meta property=\"og:type\" content=\"article\" \/>\n<meta property=\"og:title\" content=\"Kaffee &amp; Kurven T-Shirt schwarz, Herren A - #thesoundofsportscars\" \/>\n<meta property=\"og:description\" content=\"#KaffeeundKurvenShirt T-Shirt mit V-Ausschnitt f\u00fcr Herren mit Siebdruck an drei Stellen, Erh\u00e4ltlich in den Gr\u00f6\u00dfen S bis XXL\" \/>\n<meta property=\"og:url\" content=\"https:\/\/thesoundofsportscars.at\/en\/product\/kaffee-kurven-t-shirt-schwarz-herren-a\/\" \/>\n<meta property=\"og:site_name\" content=\"#thesoundofsportscars\" \/>\n<meta property=\"article:publisher\" content=\"https:\/\/www.facebook.com\/thesoundofsportscars\/\" \/>\n<meta property=\"article:modified_time\" content=\"2025-12-16T07:32:32+00:00\" \/>\n<meta property=\"og:image\" content=\"https:\/\/thesoundofsportscars.at\/wp-content\/uploads\/2025\/12\/James_Front.jpg\" \/>\n\t<meta property=\"og:image:width\" content=\"1920\" \/>\n\t<meta property=\"og:image:height\" content=\"1926\" \/>\n\t<meta property=\"og:image:type\" content=\"image\/jpeg\" \/>\n<meta name=\"twitter:card\" content=\"summary_large_image\" \/>\n<script type=\"application\/ld+json\" class=\"yoast-schema-graph\">{\"@context\":\"https:\\\/\\\/schema.org\",\"@graph\":[{\"@type\":\"WebPage\",\"@id\":\"https:\\\/\\\/thesoundofsportscars.at\\\/produkt\\\/kaffee-kurven-t-shirt-schwarz-herren-a\\\/\",\"url\":\"https:\\\/\\\/thesoundofsportscars.at\\\/produkt\\\/kaffee-kurven-t-shirt-schwarz-herren-a\\\/\",\"name\":\"Kaffee &amp; Kurven T-Shirt schwarz, Herren A - #thesoundofsportscars\",\"isPartOf\":{\"@id\":\"https:\\\/\\\/thesoundofsportscars.at\\\/#website\"},\"primaryImageOfPage\":{\"@id\":\"https:\\\/\\\/thesoundofsportscars.at\\\/produkt\\\/kaffee-kurven-t-shirt-schwarz-herren-a\\\/#primaryimage\"},\"image\":{\"@id\":\"https:\\\/\\\/thesoundofsportscars.at\\\/produkt\\\/kaffee-kurven-t-shirt-schwarz-herren-a\\\/#primaryimage\"},\"thumbnailUrl\":\"https:\\\/\\\/thesoundofsportscars.at\\\/wp-content\\\/uploads\\\/2025\\\/12\\\/James_Front.jpg\",\"datePublished\":\"2025-12-16T07:32:09+00:00\",\"dateModified\":\"2025-12-16T07:32:32+00:00\",\"breadcrumb\":{\"@id\":\"https:\\\/\\\/thesoundofsportscars.at\\\/produkt\\\/kaffee-kurven-t-shirt-schwarz-herren-a\\\/#breadcrumb\"},\"inLanguage\":\"en-GB\",\"potentialAction\":[{\"@type\":\"ReadAction\",\"target\":[\"https:\\\/\\\/thesoundofsportscars.at\\\/produkt\\\/kaffee-kurven-t-shirt-schwarz-herren-a\\\/\"]}]},{\"@type\":\"ImageObject\",\"inLanguage\":\"en-GB\",\"@id\":\"https:\\\/\\\/thesoundofsportscars.at\\\/produkt\\\/kaffee-kurven-t-shirt-schwarz-herren-a\\\/#primaryimage\",\"url\":\"https:\\\/\\\/thesoundofsportscars.at\\\/wp-content\\\/uploads\\\/2025\\\/12\\\/James_Front.jpg\",\"contentUrl\":\"https:\\\/\\\/thesoundofsportscars.at\\\/wp-content\\\/uploads\\\/2025\\\/12\\\/James_Front.jpg\",\"width\":1920,\"height\":1926},{\"@type\":\"BreadcrumbList\",\"@id\":\"https:\\\/\\\/thesoundofsportscars.at\\\/produkt\\\/kaffee-kurven-t-shirt-schwarz-herren-a\\\/#breadcrumb\",\"itemListElement\":[{\"@type\":\"ListItem\",\"position\":1,\"name\":\"Startseite\",\"item\":\"https:\\\/\\\/thesoundofsportscars.at\\\/\"},{\"@type\":\"ListItem\",\"position\":2,\"name\":\"Produkte\",\"item\":\"https:\\\/\\\/thesoundofsportscars.at\\\/shop\\\/\"},{\"@type\":\"ListItem\",\"position\":3,\"name\":\"Kaffee &amp; Kurven T-Shirt schwarz, Herren A\"}]},{\"@type\":\"WebSite\",\"@id\":\"https:\\\/\\\/thesoundofsportscars.at\\\/#website\",\"url\":\"https:\\\/\\\/thesoundofsportscars.at\\\/\",\"name\":\"#thesoundofsportscars\",\"description\":\"The annual sportscars meeting in austria\",\"publisher\":{\"@id\":\"https:\\\/\\\/thesoundofsportscars.at\\\/#organization\"},\"potentialAction\":[{\"@type\":\"SearchAction\",\"target\":{\"@type\":\"EntryPoint\",\"urlTemplate\":\"https:\\\/\\\/thesoundofsportscars.at\\\/?s={search_term_string}\"},\"query-input\":{\"@type\":\"PropertyValueSpecification\",\"valueRequired\":true,\"valueName\":\"search_term_string\"}}],\"inLanguage\":\"en-GB\"},{\"@type\":\"Organization\",\"@id\":\"https:\\\/\\\/thesoundofsportscars.at\\\/#organization\",\"name\":\"#thesoundofsportscars\",\"url\":\"https:\\\/\\\/thesoundofsportscars.at\\\/\",\"logo\":{\"@type\":\"ImageObject\",\"inLanguage\":\"en-GB\",\"@id\":\"https:\\\/\\\/thesoundofsportscars.at\\\/#\\\/schema\\\/logo\\\/image\\\/\",\"url\":\"https:\\\/\\\/thesoundofsportscars.at\\\/wp-content\\\/uploads\\\/2025\\\/08\\\/LogoTSOS500px.png\",\"contentUrl\":\"https:\\\/\\\/thesoundofsportscars.at\\\/wp-content\\\/uploads\\\/2025\\\/08\\\/LogoTSOS500px.png\",\"width\":500,\"height\":479,\"caption\":\"#thesoundofsportscars\"},\"image\":{\"@id\":\"https:\\\/\\\/thesoundofsportscars.at\\\/#\\\/schema\\\/logo\\\/image\\\/\"},\"sameAs\":[\"https:\\\/\\\/www.facebook.com\\\/thesoundofsportscars\\\/\",\"https:\\\/\\\/www.instagram.com\\\/thesoundofsportscars\\\/\"]}]}<\/script>\n<!-- \/ Yoast SEO plugin. -->","yoast_head_json":{"title":"Coffee &amp; Curves T-shirt black, men's A - #thesoundofsportscars","robots":{"index":"index","follow":"follow","max-snippet":"max-snippet:-1","max-image-preview":"max-image-preview:large","max-video-preview":"max-video-preview:-1"},"canonical":"https:\/\/thesoundofsportscars.at\/en\/product\/kaffee-kurven-t-shirt-schwarz-herren-a\/","og_locale":"en_GB","og_type":"article","og_title":"Kaffee &amp; Kurven T-Shirt schwarz, Herren A - #thesoundofsportscars","og_description":"#KaffeeundKurvenShirt T-Shirt mit V-Ausschnitt f\u00fcr Herren mit Siebdruck an drei Stellen, Erh\u00e4ltlich in den Gr\u00f6\u00dfen S bis XXL","og_url":"https:\/\/thesoundofsportscars.at\/en\/product\/kaffee-kurven-t-shirt-schwarz-herren-a\/","og_site_name":"#thesoundofsportscars","article_publisher":"https:\/\/www.facebook.com\/thesoundofsportscars\/","article_modified_time":"2025-12-16T07:32:32+00:00","og_image":[{"width":1920,"height":1926,"url":"https:\/\/thesoundofsportscars.at\/wp-content\/uploads\/2025\/12\/James_Front.jpg","type":"image\/jpeg"}],"twitter_card":"summary_large_image","schema":{"@context":"https:\/\/schema.org","@graph":[{"@type":"WebPage","@id":"https:\/\/thesoundofsportscars.at\/produkt\/kaffee-kurven-t-shirt-schwarz-herren-a\/","url":"https:\/\/thesoundofsportscars.at\/produkt\/kaffee-kurven-t-shirt-schwarz-herren-a\/","name":"Coffee &amp; Curves T-shirt black, men's A - #thesoundofsportscars","isPartOf":{"@id":"https:\/\/thesoundofsportscars.at\/#website"},"primaryImageOfPage":{"@id":"https:\/\/thesoundofsportscars.at\/produkt\/kaffee-kurven-t-shirt-schwarz-herren-a\/#primaryimage"},"image":{"@id":"https:\/\/thesoundofsportscars.at\/produkt\/kaffee-kurven-t-shirt-schwarz-herren-a\/#primaryimage"},"thumbnailUrl":"https:\/\/thesoundofsportscars.at\/wp-content\/uploads\/2025\/12\/James_Front.jpg","datePublished":"2025-12-16T07:32:09+00:00","dateModified":"2025-12-16T07:32:32+00:00","breadcrumb":{"@id":"https:\/\/thesoundofsportscars.at\/produkt\/kaffee-kurven-t-shirt-schwarz-herren-a\/#breadcrumb"},"inLanguage":"en-GB","potentialAction":[{"@type":"ReadAction","target":["https:\/\/thesoundofsportscars.at\/produkt\/kaffee-kurven-t-shirt-schwarz-herren-a\/"]}]},{"@type":"ImageObject","inLanguage":"en-GB","@id":"https:\/\/thesoundofsportscars.at\/produkt\/kaffee-kurven-t-shirt-schwarz-herren-a\/#primaryimage","url":"https:\/\/thesoundofsportscars.at\/wp-content\/uploads\/2025\/12\/James_Front.jpg","contentUrl":"https:\/\/thesoundofsportscars.at\/wp-content\/uploads\/2025\/12\/James_Front.jpg","width":1920,"height":1926},{"@type":"BreadcrumbList","@id":"https:\/\/thesoundofsportscars.at\/produkt\/kaffee-kurven-t-shirt-schwarz-herren-a\/#breadcrumb","itemListElement":[{"@type":"ListItem","position":1,"name":"Startseite","item":"https:\/\/thesoundofsportscars.at\/"},{"@type":"ListItem","position":2,"name":"Produkte","item":"https:\/\/thesoundofsportscars.at\/shop\/"},{"@type":"ListItem","position":3,"name":"Kaffee &amp; Kurven T-Shirt schwarz, Herren A"}]},{"@type":"WebSite","@id":"https:\/\/thesoundofsportscars.at\/#website","url":"https:\/\/thesoundofsportscars.at\/","name":"#thesoundofsportscars","description":"The annual sportscars meeting in austria","publisher":{"@id":"https:\/\/thesoundofsportscars.at\/#organization"},"potentialAction":[{"@type":"SearchAction","target":{"@type":"EntryPoint","urlTemplate":"https:\/\/thesoundofsportscars.at\/?s={search_term_string}"},"query-input":{"@type":"PropertyValueSpecification","valueRequired":true,"valueName":"search_term_string"}}],"inLanguage":"en-GB"},{"@type":"Organization","@id":"https:\/\/thesoundofsportscars.at\/#organization","name":"#thesoundofsportscars","url":"https:\/\/thesoundofsportscars.at\/","logo":{"@type":"ImageObject","inLanguage":"en-GB","@id":"https:\/\/thesoundofsportscars.at\/#\/schema\/logo\/image\/","url":"https:\/\/thesoundofsportscars.at\/wp-content\/uploads\/2025\/08\/LogoTSOS500px.png","contentUrl":"https:\/\/thesoundofsportscars.at\/wp-content\/uploads\/2025\/08\/LogoTSOS500px.png","width":500,"height":479,"caption":"#thesoundofsportscars"},"image":{"@id":"https:\/\/thesoundofsportscars.at\/#\/schema\/logo\/image\/"},"sameAs":["https:\/\/www.facebook.com\/thesoundofsportscars\/","https:\/\/www.instagram.com\/thesoundofsportscars\/"]}]}},"_links":{"self":[{"href":"https:\/\/thesoundofsportscars.at\/en\/wp-json\/wp\/v2\/product\/4525","targetHints":{"allow":["GET"]}}],"collection":[{"href":"https:\/\/thesoundofsportscars.at\/en\/wp-json\/wp\/v2\/product"}],"about":[{"href":"https:\/\/thesoundofsportscars.at\/en\/wp-json\/wp\/v2\/types\/product"}],"wp:featuredmedia":[{"embeddable":true,"href":"https:\/\/thesoundofsportscars.at\/en\/wp-json\/wp\/v2\/media\/4548"}],"wp:attachment":[{"href":"https:\/\/thesoundofsportscars.at\/en\/wp-json\/wp\/v2\/media?parent=4525"}],"wp:term":[{"taxonomy":"product_brand","embeddable":true,"href":"https:\/\/thesoundofsportscars.at\/en\/wp-json\/wp\/v2\/product_brand?post=4525"},{"taxonomy":"product_cat","embeddable":true,"href":"https:\/\/thesoundofsportscars.at\/en\/wp-json\/wp\/v2\/product_cat?post=4525"},{"taxonomy":"product_tag","embeddable":true,"href":"https:\/\/thesoundofsportscars.at\/en\/wp-json\/wp\/v2\/product_tag?post=4525"}],"curies":[{"name":"wp","href":"https:\/\/api.w.org\/{rel}","templated":true}]}}