{"id":4470,"date":"2025-12-16T07:31:18","date_gmt":"2025-12-16T07:31:18","guid":{"rendered":"https:\/\/thesoundofsportscars.at\/?post_type=product&#038;p=4470"},"modified":"2025-12-16T07:32:07","modified_gmt":"2025-12-16T07:32:07","slug":"kaffee-kurven-t-shirt-weiss-damen-b","status":"publish","type":"product","link":"https:\/\/thesoundofsportscars.at\/en\/product\/kaffee-kurven-t-shirt-weiss-damen-b\/","title":{"rendered":"Coffee &amp; Curves T-shirt white, ladies B"},"content":{"rendered":"<p><em><strong>Slim-fit V-neck T-shirt for women with screen printing in three places, available in sizes XS to L<br \/>\n<\/strong><\/em><em>Material 95% combed cotton \/ 5% Elsathan; stretch jersey<br \/>\nGrammage 180 g\/m\u00b2<br \/>\n<\/em><em>Slim fit, with side seams, <\/em><\/p>","protected":false},"excerpt":{"rendered":"<p><strong><em>#KaffeeundKurvenShirt Slim-fit T-shirt with V-neck for women, with screen printing in three places, available in sizes XS to L<br \/>\n<\/em><\/strong><\/p>","protected":false},"featured_media":4515,"template":"","meta":[],"product_brand":[],"product_cat":[40],"product_tag":[],"class_list":{"0":"post-4470","1":"product","2":"type-product","3":"status-publish","4":"has-post-thumbnail","6":"product_cat-kleidung","7":"product_shipping_class-standard-versand","9":"first","10":"instock","11":"taxable","12":"shipping-taxable","13":"purchasable","14":"product-type-variable"},"yoast_head":"<!-- This site is optimized with the Yoast SEO plugin v27.5 - https:\/\/yoast.com\/product\/yoast-seo-wordpress\/ -->\n<title>Kaffee &amp; Kurven T-Shirt wei\u00df, Damen B - #thesoundofsportscars<\/title>\n<meta name=\"robots\" content=\"index, follow, max-snippet:-1, max-image-preview:large, max-video-preview:-1\" \/>\n<link rel=\"canonical\" href=\"https:\/\/thesoundofsportscars.at\/en\/product\/kaffee-kurven-t-shirt-weiss-damen-b\/\" \/>\n<meta property=\"og:locale\" content=\"en_GB\" \/>\n<meta property=\"og:type\" content=\"article\" \/>\n<meta property=\"og:title\" content=\"Kaffee &amp; Kurven T-Shirt wei\u00df, Damen B - #thesoundofsportscars\" \/>\n<meta property=\"og:description\" content=\"#KaffeeundKurvenShirt Slim-Fit T-Shirt mit V-Ausschnitt f\u00fcr Damen, mit Siebdruck an drei Stellen, Erh\u00e4ltlich in den Gr\u00f6\u00dfen XS bis L\" \/>\n<meta property=\"og:url\" content=\"https:\/\/thesoundofsportscars.at\/en\/product\/kaffee-kurven-t-shirt-weiss-damen-b\/\" \/>\n<meta property=\"og:site_name\" content=\"#thesoundofsportscars\" \/>\n<meta property=\"article:publisher\" content=\"https:\/\/www.facebook.com\/thesoundofsportscars\/\" \/>\n<meta property=\"article:modified_time\" content=\"2025-12-16T07:32:07+00:00\" \/>\n<meta property=\"og:image\" content=\"https:\/\/thesoundofsportscars.at\/wp-content\/uploads\/2025\/12\/DSC_3163.jpg\" \/>\n\t<meta property=\"og:image:width\" content=\"1888\" \/>\n\t<meta property=\"og:image:height\" content=\"2000\" \/>\n\t<meta property=\"og:image:type\" content=\"image\/jpeg\" \/>\n<meta name=\"twitter:card\" content=\"summary_large_image\" \/>\n<script type=\"application\/ld+json\" class=\"yoast-schema-graph\">{\"@context\":\"https:\\\/\\\/schema.org\",\"@graph\":[{\"@type\":\"WebPage\",\"@id\":\"https:\\\/\\\/thesoundofsportscars.at\\\/produkt\\\/kaffee-kurven-t-shirt-weiss-damen-b\\\/\",\"url\":\"https:\\\/\\\/thesoundofsportscars.at\\\/produkt\\\/kaffee-kurven-t-shirt-weiss-damen-b\\\/\",\"name\":\"Kaffee &amp; Kurven T-Shirt wei\u00df, Damen B - #thesoundofsportscars\",\"isPartOf\":{\"@id\":\"https:\\\/\\\/thesoundofsportscars.at\\\/#website\"},\"primaryImageOfPage\":{\"@id\":\"https:\\\/\\\/thesoundofsportscars.at\\\/produkt\\\/kaffee-kurven-t-shirt-weiss-damen-b\\\/#primaryimage\"},\"image\":{\"@id\":\"https:\\\/\\\/thesoundofsportscars.at\\\/produkt\\\/kaffee-kurven-t-shirt-weiss-damen-b\\\/#primaryimage\"},\"thumbnailUrl\":\"https:\\\/\\\/thesoundofsportscars.at\\\/wp-content\\\/uploads\\\/2025\\\/12\\\/DSC_3163.jpg\",\"datePublished\":\"2025-12-16T07:31:18+00:00\",\"dateModified\":\"2025-12-16T07:32:07+00:00\",\"breadcrumb\":{\"@id\":\"https:\\\/\\\/thesoundofsportscars.at\\\/produkt\\\/kaffee-kurven-t-shirt-weiss-damen-b\\\/#breadcrumb\"},\"inLanguage\":\"en-GB\",\"potentialAction\":[{\"@type\":\"ReadAction\",\"target\":[\"https:\\\/\\\/thesoundofsportscars.at\\\/produkt\\\/kaffee-kurven-t-shirt-weiss-damen-b\\\/\"]}]},{\"@type\":\"ImageObject\",\"inLanguage\":\"en-GB\",\"@id\":\"https:\\\/\\\/thesoundofsportscars.at\\\/produkt\\\/kaffee-kurven-t-shirt-weiss-damen-b\\\/#primaryimage\",\"url\":\"https:\\\/\\\/thesoundofsportscars.at\\\/wp-content\\\/uploads\\\/2025\\\/12\\\/DSC_3163.jpg\",\"contentUrl\":\"https:\\\/\\\/thesoundofsportscars.at\\\/wp-content\\\/uploads\\\/2025\\\/12\\\/DSC_3163.jpg\",\"width\":1888,\"height\":2000},{\"@type\":\"BreadcrumbList\",\"@id\":\"https:\\\/\\\/thesoundofsportscars.at\\\/produkt\\\/kaffee-kurven-t-shirt-weiss-damen-b\\\/#breadcrumb\",\"itemListElement\":[{\"@type\":\"ListItem\",\"position\":1,\"name\":\"Startseite\",\"item\":\"https:\\\/\\\/thesoundofsportscars.at\\\/\"},{\"@type\":\"ListItem\",\"position\":2,\"name\":\"Produkte\",\"item\":\"https:\\\/\\\/thesoundofsportscars.at\\\/shop\\\/\"},{\"@type\":\"ListItem\",\"position\":3,\"name\":\"Kaffee &amp; Kurven T-Shirt wei\u00df, Damen B\"}]},{\"@type\":\"WebSite\",\"@id\":\"https:\\\/\\\/thesoundofsportscars.at\\\/#website\",\"url\":\"https:\\\/\\\/thesoundofsportscars.at\\\/\",\"name\":\"#thesoundofsportscars\",\"description\":\"The annual sportscars meeting in austria\",\"publisher\":{\"@id\":\"https:\\\/\\\/thesoundofsportscars.at\\\/#organization\"},\"potentialAction\":[{\"@type\":\"SearchAction\",\"target\":{\"@type\":\"EntryPoint\",\"urlTemplate\":\"https:\\\/\\\/thesoundofsportscars.at\\\/?s={search_term_string}\"},\"query-input\":{\"@type\":\"PropertyValueSpecification\",\"valueRequired\":true,\"valueName\":\"search_term_string\"}}],\"inLanguage\":\"en-GB\"},{\"@type\":\"Organization\",\"@id\":\"https:\\\/\\\/thesoundofsportscars.at\\\/#organization\",\"name\":\"#thesoundofsportscars\",\"url\":\"https:\\\/\\\/thesoundofsportscars.at\\\/\",\"logo\":{\"@type\":\"ImageObject\",\"inLanguage\":\"en-GB\",\"@id\":\"https:\\\/\\\/thesoundofsportscars.at\\\/#\\\/schema\\\/logo\\\/image\\\/\",\"url\":\"https:\\\/\\\/thesoundofsportscars.at\\\/wp-content\\\/uploads\\\/2025\\\/08\\\/LogoTSOS500px.png\",\"contentUrl\":\"https:\\\/\\\/thesoundofsportscars.at\\\/wp-content\\\/uploads\\\/2025\\\/08\\\/LogoTSOS500px.png\",\"width\":500,\"height\":479,\"caption\":\"#thesoundofsportscars\"},\"image\":{\"@id\":\"https:\\\/\\\/thesoundofsportscars.at\\\/#\\\/schema\\\/logo\\\/image\\\/\"},\"sameAs\":[\"https:\\\/\\\/www.facebook.com\\\/thesoundofsportscars\\\/\",\"https:\\\/\\\/www.instagram.com\\\/thesoundofsportscars\\\/\"]}]}<\/script>\n<!-- \/ Yoast SEO plugin. -->","yoast_head_json":{"title":"Kaffee &amp; Kurven T-Shirt wei\u00df, Damen B - #thesoundofsportscars","robots":{"index":"index","follow":"follow","max-snippet":"max-snippet:-1","max-image-preview":"max-image-preview:large","max-video-preview":"max-video-preview:-1"},"canonical":"https:\/\/thesoundofsportscars.at\/en\/product\/kaffee-kurven-t-shirt-weiss-damen-b\/","og_locale":"en_GB","og_type":"article","og_title":"Kaffee &amp; Kurven T-Shirt wei\u00df, Damen B - #thesoundofsportscars","og_description":"#KaffeeundKurvenShirt Slim-Fit T-Shirt mit V-Ausschnitt f\u00fcr Damen, mit Siebdruck an drei Stellen, Erh\u00e4ltlich in den Gr\u00f6\u00dfen XS bis L","og_url":"https:\/\/thesoundofsportscars.at\/en\/product\/kaffee-kurven-t-shirt-weiss-damen-b\/","og_site_name":"#thesoundofsportscars","article_publisher":"https:\/\/www.facebook.com\/thesoundofsportscars\/","article_modified_time":"2025-12-16T07:32:07+00:00","og_image":[{"width":1888,"height":2000,"url":"https:\/\/thesoundofsportscars.at\/wp-content\/uploads\/2025\/12\/DSC_3163.jpg","type":"image\/jpeg"}],"twitter_card":"summary_large_image","schema":{"@context":"https:\/\/schema.org","@graph":[{"@type":"WebPage","@id":"https:\/\/thesoundofsportscars.at\/produkt\/kaffee-kurven-t-shirt-weiss-damen-b\/","url":"https:\/\/thesoundofsportscars.at\/produkt\/kaffee-kurven-t-shirt-weiss-damen-b\/","name":"Kaffee &amp; Kurven T-Shirt wei\u00df, Damen B - #thesoundofsportscars","isPartOf":{"@id":"https:\/\/thesoundofsportscars.at\/#website"},"primaryImageOfPage":{"@id":"https:\/\/thesoundofsportscars.at\/produkt\/kaffee-kurven-t-shirt-weiss-damen-b\/#primaryimage"},"image":{"@id":"https:\/\/thesoundofsportscars.at\/produkt\/kaffee-kurven-t-shirt-weiss-damen-b\/#primaryimage"},"thumbnailUrl":"https:\/\/thesoundofsportscars.at\/wp-content\/uploads\/2025\/12\/DSC_3163.jpg","datePublished":"2025-12-16T07:31:18+00:00","dateModified":"2025-12-16T07:32:07+00:00","breadcrumb":{"@id":"https:\/\/thesoundofsportscars.at\/produkt\/kaffee-kurven-t-shirt-weiss-damen-b\/#breadcrumb"},"inLanguage":"en-GB","potentialAction":[{"@type":"ReadAction","target":["https:\/\/thesoundofsportscars.at\/produkt\/kaffee-kurven-t-shirt-weiss-damen-b\/"]}]},{"@type":"ImageObject","inLanguage":"en-GB","@id":"https:\/\/thesoundofsportscars.at\/produkt\/kaffee-kurven-t-shirt-weiss-damen-b\/#primaryimage","url":"https:\/\/thesoundofsportscars.at\/wp-content\/uploads\/2025\/12\/DSC_3163.jpg","contentUrl":"https:\/\/thesoundofsportscars.at\/wp-content\/uploads\/2025\/12\/DSC_3163.jpg","width":1888,"height":2000},{"@type":"BreadcrumbList","@id":"https:\/\/thesoundofsportscars.at\/produkt\/kaffee-kurven-t-shirt-weiss-damen-b\/#breadcrumb","itemListElement":[{"@type":"ListItem","position":1,"name":"Startseite","item":"https:\/\/thesoundofsportscars.at\/"},{"@type":"ListItem","position":2,"name":"Produkte","item":"https:\/\/thesoundofsportscars.at\/shop\/"},{"@type":"ListItem","position":3,"name":"Kaffee &amp; Kurven T-Shirt wei\u00df, Damen B"}]},{"@type":"WebSite","@id":"https:\/\/thesoundofsportscars.at\/#website","url":"https:\/\/thesoundofsportscars.at\/","name":"#thesoundofsportscars","description":"The annual sportscars meeting in austria","publisher":{"@id":"https:\/\/thesoundofsportscars.at\/#organization"},"potentialAction":[{"@type":"SearchAction","target":{"@type":"EntryPoint","urlTemplate":"https:\/\/thesoundofsportscars.at\/?s={search_term_string}"},"query-input":{"@type":"PropertyValueSpecification","valueRequired":true,"valueName":"search_term_string"}}],"inLanguage":"en-GB"},{"@type":"Organization","@id":"https:\/\/thesoundofsportscars.at\/#organization","name":"#thesoundofsportscars","url":"https:\/\/thesoundofsportscars.at\/","logo":{"@type":"ImageObject","inLanguage":"en-GB","@id":"https:\/\/thesoundofsportscars.at\/#\/schema\/logo\/image\/","url":"https:\/\/thesoundofsportscars.at\/wp-content\/uploads\/2025\/08\/LogoTSOS500px.png","contentUrl":"https:\/\/thesoundofsportscars.at\/wp-content\/uploads\/2025\/08\/LogoTSOS500px.png","width":500,"height":479,"caption":"#thesoundofsportscars"},"image":{"@id":"https:\/\/thesoundofsportscars.at\/#\/schema\/logo\/image\/"},"sameAs":["https:\/\/www.facebook.com\/thesoundofsportscars\/","https:\/\/www.instagram.com\/thesoundofsportscars\/"]}]}},"_links":{"self":[{"href":"https:\/\/thesoundofsportscars.at\/en\/wp-json\/wp\/v2\/product\/4470","targetHints":{"allow":["GET"]}}],"collection":[{"href":"https:\/\/thesoundofsportscars.at\/en\/wp-json\/wp\/v2\/product"}],"about":[{"href":"https:\/\/thesoundofsportscars.at\/en\/wp-json\/wp\/v2\/types\/product"}],"wp:featuredmedia":[{"embeddable":true,"href":"https:\/\/thesoundofsportscars.at\/en\/wp-json\/wp\/v2\/media\/4515"}],"wp:attachment":[{"href":"https:\/\/thesoundofsportscars.at\/en\/wp-json\/wp\/v2\/media?parent=4470"}],"wp:term":[{"taxonomy":"product_brand","embeddable":true,"href":"https:\/\/thesoundofsportscars.at\/en\/wp-json\/wp\/v2\/product_brand?post=4470"},{"taxonomy":"product_cat","embeddable":true,"href":"https:\/\/thesoundofsportscars.at\/en\/wp-json\/wp\/v2\/product_cat?post=4470"},{"taxonomy":"product_tag","embeddable":true,"href":"https:\/\/thesoundofsportscars.at\/en\/wp-json\/wp\/v2\/product_tag?post=4470"}],"curies":[{"name":"wp","href":"https:\/\/api.w.org\/{rel}","templated":true}]}}