{"id":92,"date":"2025-08-29T10:37:41","date_gmt":"2025-08-29T10:37:41","guid":{"rendered":"https:\/\/thesoundofsportscars.at\/fans-registrierung\/"},"modified":"2025-12-12T09:56:21","modified_gmt":"2025-12-12T09:56:21","slug":"fans-registrierung","status":"publish","type":"page","link":"https:\/\/thesoundofsportscars.at\/en\/fans-registrierung\/","title":{"rendered":"Fans registration"},"content":{"rendered":"<div data-elementor-type=\"wp-page\" data-elementor-id=\"92\" class=\"elementor elementor-92\" data-elementor-post-type=\"page\">\n\t\t\t\t\t\t<section class=\"elementor-section elementor-top-section elementor-element elementor-element-7dc08ea4 elementor-section-height-min-height elementor-section-boxed elementor-section-height-default elementor-section-items-middle\" data-id=\"7dc08ea4\" data-element_type=\"section\" data-e-type=\"section\" data-settings=\"{&quot;background_background&quot;:&quot;classic&quot;}\">\n\t\t\t\t\t\t\t<div class=\"elementor-background-overlay\"><\/div>\n\t\t\t\t\t\t\t<div class=\"elementor-container elementor-column-gap-default\">\n\t\t\t\t\t<div class=\"elementor-column elementor-col-100 elementor-top-column elementor-element elementor-element-1f93fce4\" data-id=\"1f93fce4\" data-element_type=\"column\" data-e-type=\"column\">\n\t\t\t<div class=\"elementor-widget-wrap elementor-element-populated\">\n\t\t\t\t\t\t<div class=\"elementor-element elementor-element-f357142 elementor-widget elementor-widget-heading\" data-id=\"f357142\" data-element_type=\"widget\" data-e-type=\"widget\" data-widget_type=\"heading.default\">\n\t\t\t\t\t<h1 class=\"elementor-heading-title elementor-size-default\">Fans registration<\/h1>\t\t\t\t<\/div>\n\t\t\t\t<div class=\"elementor-element elementor-element-25447f8a elementor-align-center elementor-widget elementor-widget-breadcrumbs\" data-id=\"25447f8a\" data-element_type=\"widget\" data-e-type=\"widget\" data-widget_type=\"breadcrumbs.default\">\n\t\t\t\t\t<p id=\"breadcrumbs\"><span><span><a href=\"https:\/\/thesoundofsportscars.at\/en\/\">Home page<\/a><\/span><\/span><\/p>\t\t\t\t<\/div>\n\t\t\t\t\t<\/div>\n\t\t<\/div>\n\t\t\t\t\t<\/div>\n\t\t<\/section>\n\t\t\t\t<section class=\"elementor-section elementor-top-section elementor-element elementor-element-606db0b5 elementor-section-boxed elementor-section-height-default elementor-section-height-default\" data-id=\"606db0b5\" data-element_type=\"section\" data-e-type=\"section\">\n\t\t\t\t\t\t<div class=\"elementor-container elementor-column-gap-default\">\n\t\t\t\t\t<div class=\"elementor-column elementor-col-100 elementor-top-column elementor-element elementor-element-537b735\" data-id=\"537b735\" data-element_type=\"column\" data-e-type=\"column\">\n\t\t\t<div class=\"elementor-widget-wrap elementor-element-populated\">\n\t\t\t\t\t\t<div class=\"elementor-element elementor-element-4c3d0d93 elementor-widget elementor-widget-text-editor\" data-id=\"4c3d0d93\" data-element_type=\"widget\" data-e-type=\"widget\" data-widget_type=\"text-editor.default\">\n\t\t\t\t\t\t\t\t\t<p>Registration for fans who would like to experience the event up close and join us for our public part.<\/p>\t\t\t\t\t\t\t\t<\/div>\n\t\t\t\t\t<\/div>\n\t\t<\/div>\n\t\t\t\t\t<\/div>\n\t\t<\/section>\n\t\t\t\t<section class=\"elementor-section elementor-top-section elementor-element elementor-element-65abb93c elementor-section-boxed elementor-section-height-default elementor-section-height-default\" data-id=\"65abb93c\" data-element_type=\"section\" data-e-type=\"section\">\n\t\t\t\t\t\t<div class=\"elementor-container elementor-column-gap-default\">\n\t\t\t\t\t<div class=\"elementor-column elementor-col-100 elementor-top-column elementor-element elementor-element-1aa5fbb6\" data-id=\"1aa5fbb6\" data-element_type=\"column\" data-e-type=\"column\" data-settings=\"{&quot;background_background&quot;:&quot;classic&quot;}\">\n\t\t\t<div class=\"elementor-widget-wrap elementor-element-populated\">\n\t\t\t\t\t\t<section class=\"elementor-section elementor-inner-section elementor-element elementor-element-2aae113e elementor-section-boxed elementor-section-height-default elementor-section-height-default\" data-id=\"2aae113e\" data-element_type=\"section\" data-e-type=\"section\">\n\t\t\t\t\t\t<div class=\"elementor-container elementor-column-gap-default\">\n\t\t\t\t\t<div class=\"elementor-column elementor-col-50 elementor-inner-column elementor-element elementor-element-46a555dc\" data-id=\"46a555dc\" data-element_type=\"column\" data-e-type=\"column\">\n\t\t\t<div class=\"elementor-widget-wrap elementor-element-populated\">\n\t\t\t\t\t\t<div class=\"elementor-element elementor-element-372d2b6 elementor-position-inline-start elementor-view-default elementor-mobile-position-block-start elementor-widget elementor-widget-icon-box\" data-id=\"372d2b6\" data-element_type=\"widget\" data-e-type=\"widget\" data-widget_type=\"icon-box.default\">\n\t\t\t\t\t\t\t<div class=\"elementor-icon-box-wrapper\">\n\n\t\t\t\t\t\t<div class=\"elementor-icon-box-icon\">\n\t\t\t\t<a href=\"mailto:info@thesoundofsportscars.at\" class=\"elementor-icon\" tabindex=\"-1\" aria-label=\"e-mail\">\n\t\t\t\t<svg aria-hidden=\"true\" class=\"e-font-icon-svg e-far-envelope\" viewbox=\"0 0 512 512\" xmlns=\"http:\/\/www.w3.org\/2000\/svg\"><path d=\"M464 64H48C21.49 64 0 85.49 0 112v288c0 26.51 21.49 48 48 48h416c26.51 0 48-21.49 48-48V112c0-26.51-21.49-48-48-48zm0 48v40.805c-22.422 18.259-58.168 46.651-134.587 106.49-16.841 13.247-50.201 45.072-73.413 44.701-23.208.375-56.579-31.459-73.413-44.701C106.18 199.465 70.425 171.067 48 152.805V112h416zM48 400V214.398c22.914 18.251 55.409 43.862 104.938 82.646 21.857 17.205 60.134 55.186 103.062 54.955 42.717.231 80.509-37.199 103.053-54.947 49.528-38.783 82.032-64.401 104.947-82.653V400H48z\"><\/path><\/svg>\t\t\t\t<\/a>\n\t\t\t<\/div>\n\t\t\t\n\t\t\t\t\t\t<div class=\"elementor-icon-box-content\">\n\n\t\t\t\t\t\t\t\t\t<h3 class=\"elementor-icon-box-title\">\n\t\t\t\t\t\t<a href=\"mailto:info@thesoundofsportscars.at\" >\n\t\t\t\t\t\t\te-mail\t\t\t\t\t\t<\/a>\n\t\t\t\t\t<\/h3>\n\t\t\t\t\n\t\t\t\t\t\t\t\t\t<p class=\"elementor-icon-box-description\">\n\t\t\t\t\t\tinfo@thesoundofsportscars.at\t\t\t\t\t<\/p>\n\t\t\t\t\n\t\t\t<\/div>\n\t\t\t\n\t\t<\/div>\n\t\t\t\t\t\t<\/div>\n\t\t\t\t\t<\/div>\n\t\t<\/div>\n\t\t\t\t<div class=\"elementor-column elementor-col-50 elementor-inner-column elementor-element elementor-element-6b8a8005\" data-id=\"6b8a8005\" data-element_type=\"column\" data-e-type=\"column\">\n\t\t\t<div class=\"elementor-widget-wrap\">\n\t\t\t\t\t\t\t<\/div>\n\t\t<\/div>\n\t\t\t\t\t<\/div>\n\t\t<\/section>\n\t\t\t\t\t<\/div>\n\t\t<\/div>\n\t\t\t\t\t<\/div>\n\t\t<\/section>\n\t\t\t\t<section class=\"elementor-section elementor-top-section elementor-element elementor-element-2f3fd2d1 elementor-section-boxed elementor-section-height-default elementor-section-height-default\" data-id=\"2f3fd2d1\" data-element_type=\"section\" data-e-type=\"section\">\n\t\t\t\t\t\t<div class=\"elementor-container elementor-column-gap-default\">\n\t\t\t\t\t<div class=\"elementor-column elementor-col-100 elementor-top-column elementor-element elementor-element-1e6ad04\" data-id=\"1e6ad04\" data-element_type=\"column\" data-e-type=\"column\">\n\t\t\t<div class=\"elementor-widget-wrap elementor-element-populated\">\n\t\t\t\t\t\t<section class=\"elementor-section elementor-inner-section elementor-element elementor-element-60115ab4 elementor-section-boxed elementor-section-height-default elementor-section-height-default\" data-id=\"60115ab4\" data-element_type=\"section\" data-e-type=\"section\">\n\t\t\t\t\t\t<div class=\"elementor-container elementor-column-gap-default\">\n\t\t\t\t\t<div class=\"elementor-column elementor-col-100 elementor-inner-column elementor-element elementor-element-3de5de4\" data-id=\"3de5de4\" data-element_type=\"column\" data-e-type=\"column\">\n\t\t\t<div class=\"elementor-widget-wrap elementor-element-populated\">\n\t\t\t\t\t\t<div class=\"elementor-element elementor-element-146e7fa7 elementor-widget elementor-widget-heading\" data-id=\"146e7fa7\" data-element_type=\"widget\" data-e-type=\"widget\" data-widget_type=\"heading.default\">\n\t\t\t\t\t<h1 class=\"elementor-heading-title elementor-size-default\">Registration<\/h1>\t\t\t\t<\/div>\n\t\t\t\t\t<\/div>\n\t\t<\/div>\n\t\t\t\t\t<\/div>\n\t\t<\/section>\n\t\t\t\t\t<\/div>\n\t\t<\/div>\n\t\t\t\t\t<\/div>\n\t\t<\/section>\n\t\t\t\t<section class=\"elementor-section elementor-top-section elementor-element elementor-element-252c65fb elementor-section-boxed elementor-section-height-default elementor-section-height-default\" data-id=\"252c65fb\" data-element_type=\"section\" data-e-type=\"section\">\n\t\t\t\t\t\t<div class=\"elementor-container elementor-column-gap-default\">\n\t\t\t\t\t<div class=\"elementor-column elementor-col-100 elementor-top-column elementor-element elementor-element-55cdf121\" data-id=\"55cdf121\" data-element_type=\"column\" data-e-type=\"column\">\n\t\t\t<div class=\"elementor-widget-wrap elementor-element-populated\">\n\t\t\t\t\t\t<div class=\"elementor-element elementor-element-17b0c5c3 elementor-widget elementor-widget-shortcode\" data-id=\"17b0c5c3\" data-element_type=\"widget\" data-e-type=\"widget\" data-widget_type=\"shortcode.default\">\n\t\t\t\t\t\t\t<div class=\"elementor-shortcode\">\n<div class=\"wpcf7 no-js\" id=\"wpcf7-f603-o1\" lang=\"de-DE\" dir=\"ltr\" data-wpcf7-id=\"603\">\n<div class=\"screen-reader-response\"><p role=\"status\" aria-live=\"polite\" aria-atomic=\"true\"><\/p> <ul><\/ul><\/div>\n<form action=\"\/en\/wp-json\/wp\/v2\/pages\/92#wpcf7-f603-o1\" method=\"post\" class=\"wpcf7-form init\" aria-label=\"Contact form\" novalidate=\"novalidate\" data-status=\"init\" data-trp-original-action=\"\/en\/wp-json\/wp\/v2\/pages\/92#wpcf7-f603-o1\">\n<fieldset class=\"hidden-fields-container\"><input type=\"hidden\" name=\"_wpcf7\" value=\"603\" \/><input type=\"hidden\" name=\"_wpcf7_version\" value=\"6.1.5\" \/><input type=\"hidden\" name=\"_wpcf7_locale\" value=\"de_DE\" \/><input type=\"hidden\" name=\"_wpcf7_unit_tag\" value=\"wpcf7-f603-o1\" \/><input type=\"hidden\" name=\"_wpcf7_container_post\" value=\"0\" \/><input type=\"hidden\" name=\"_wpcf7_posted_data_hash\" value=\"\" \/><input type=\"hidden\" name=\"_wpcf7_recaptcha_response\" value=\"\" \/>\n<\/fieldset>\n<p>As things stand at present, there are no plans for a completely public part of the event. However, please subscribe to our mailing list so that you are among the first to be informed if a public part of the programme comes about.\n<\/p><!--\n<b>Pers\u00f6nliche Daten<\/b>\n\n<div class=\"sc_form_details trx_addons_columns_wrap\">\n<div class=\"trx_addons_column-1_8\"><span class=\"wpcf7-form-control-wrap\" data-name=\"anrede\"><select class=\"wpcf7-form-control wpcf7-select wpcf7-validates-as-required\" aria-required=\"true\" aria-invalid=\"false\" name=\"anrede\"><option value=\"\">&#8211; Bitte ausw\u00e4hlen &#8211;<\/option><option value=\"Herr\">Herr<\/option><option value=\"Frau\">Frau<\/option><\/select><\/span><\/div>\n<\/div>\n\n<div class=\"sc_form_details trx_addons_columns_wrap\">\n<div class=\"trx_addons_column-1_2\"><span class=\"wpcf7-form-control-wrap\" data-name=\"first_name\"><input size=\"40\" maxlength=\"400\" class=\"wpcf7-form-control wpcf7-text wpcf7-validates-as-required\" aria-required=\"true\" aria-invalid=\"false\" placeholder=\"Vorname\" value=\"\" type=\"text\" name=\"first_name\" \/><\/span><\/div>\n<div class=\"trx_addons_column-1_2\"><span class=\"wpcf7-form-control-wrap\" data-name=\"last_name\"><input size=\"40\" maxlength=\"400\" class=\"wpcf7-form-control wpcf7-text wpcf7-validates-as-required\" aria-required=\"true\" aria-invalid=\"false\" placeholder=\"Nachname\" value=\"\" type=\"text\" name=\"last_name\" \/><\/span><\/div>\n<\/div>\n\n<div class=\"sc_form_details trx_addons_columns_wrap\">\n<div class=\"trx_addons_column-1_4\"><span class=\"wpcf7-form-control-wrap\" data-name=\"origin\"><input size=\"40\" maxlength=\"400\" class=\"wpcf7-form-control wpcf7-text wpcf7-validates-as-required\" aria-required=\"true\" aria-invalid=\"false\" placeholder=\"Herkunft\" value=\"\" type=\"text\" name=\"origin\" \/><\/span><\/div>\n<div class=\"trx_addons_column-1_8\"><span class=\"wpcf7-form-control-wrap\" data-name=\"age\"><input size=\"40\" maxlength=\"400\" class=\"wpcf7-form-control wpcf7-text wpcf7-validates-as-required\" aria-required=\"true\" aria-invalid=\"false\" placeholder=\"Alter\" value=\"\" type=\"text\" name=\"age\" \/><\/span><\/div>\n<div class=\"trx_addons_column-1_2\"><span class=\"wpcf7-form-control-wrap\" data-name=\"email\"><input size=\"40\" maxlength=\"400\" class=\"wpcf7-form-control wpcf7-email wpcf7-validates-as-required wpcf7-text wpcf7-validates-as-email\" aria-required=\"true\" aria-invalid=\"false\" placeholder=\"E-Mail\" value=\"\" type=\"email\" name=\"email\" \/><\/span> <\/div>\n<\/div>\n<span class=\"wpcf7-form-control-wrap\" data-name=\"your-message\"><textarea cols=\"40\" rows=\"1\" maxlength=\"2000\" class=\"wpcf7-form-control wpcf7-textarea\" aria-invalid=\"false\" placeholder=\"Weitere Details\" name=\"your-message\"><\/textarea><\/span>\n<span class=\"wpcf7-form-control-wrap\" data-name=\"acceptance-334\"><span class=\"wpcf7-form-control wpcf7-acceptance\"><span class=\"wpcf7-list-item\"><label><input type=\"checkbox\" name=\"acceptance-334\" value=\"1\" aria-invalid=\"false\" \/><span class=\"wpcf7-list-item-label\">Ich bin damit einverstanden, dass die von mir angegebenen Daten erhoben und gespeichert werden.<\/span><\/label><\/span><\/span><\/span>\n<div class=\"sc_align_left\"><input class=\"wpcf7-form-control wpcf7-submit has-spinner\" type=\"submit\" value=\"Teilnehmen\" \/><\/div>\n--><div class=\"wpcf7-response-output\" aria-hidden=\"true\"><\/div>\n<input type=\"hidden\" name=\"trp-form-language\" value=\"en\"\/><\/form>\n<\/div>\n<\/div>\n\t\t\t\t\t\t<\/div>\n\t\t\t\t\t<\/div>\n\t\t<\/div>\n\t\t\t\t\t<\/div>\n\t\t<\/section>\n\t\t\t\t<\/div>","protected":false},"excerpt":{"rendered":"<p>Fans Registrierung Registrierung f\u00fcr Fans die das Event hautnah erleben m\u00f6chten und bei uns bei unserem \u00f6ffentlichen Teil begleiten m\u00f6chten. E-Mail info@thesoundofsportscars.at Registrierung<\/p>","protected":false},"author":2,"featured_media":0,"parent":0,"menu_order":0,"comment_status":"closed","ping_status":"closed","template":"elementor_header_footer","meta":{"footnotes":""},"class_list":["post-92","page","type-page","status-publish","hentry"],"yoast_head":"<!-- This site is optimized with the Yoast SEO plugin v27.6 - https:\/\/yoast.com\/product\/yoast-seo-wordpress\/ -->\n<title>Fans Registrierung - #thesoundofsportscars<\/title>\n<meta name=\"robots\" content=\"index, follow, max-snippet:-1, max-image-preview:large, max-video-preview:-1\" \/>\n<link rel=\"canonical\" href=\"https:\/\/thesoundofsportscars.at\/en\/fans-registrierung\/\" \/>\n<meta property=\"og:locale\" content=\"en_GB\" \/>\n<meta property=\"og:type\" content=\"article\" \/>\n<meta property=\"og:title\" content=\"Fans Registrierung - #thesoundofsportscars\" \/>\n<meta property=\"og:description\" content=\"Fans Registrierung Registrierung f\u00fcr Fans die das Event hautnah erleben m\u00f6chten und bei uns bei unserem \u00f6ffentlichen Teil begleiten m\u00f6chten. E-Mail info@thesoundofsportscars.at Registrierung\" \/>\n<meta property=\"og:url\" content=\"https:\/\/thesoundofsportscars.at\/en\/fans-registrierung\/\" \/>\n<meta property=\"og:site_name\" content=\"#thesoundofsportscars\" \/>\n<meta property=\"article:publisher\" content=\"https:\/\/www.facebook.com\/thesoundofsportscars\/\" \/>\n<meta property=\"article:modified_time\" content=\"2025-12-12T09:56:21+00:00\" \/>\n<meta name=\"twitter:card\" content=\"summary_large_image\" \/>\n<meta name=\"twitter:label1\" content=\"Estimated reading time\" \/>\n\t<meta name=\"twitter:data1\" content=\"1 minute\" \/>\n<script type=\"application\/ld+json\" class=\"yoast-schema-graph\">{\"@context\":\"https:\\\/\\\/schema.org\",\"@graph\":[{\"@type\":\"WebPage\",\"@id\":\"https:\\\/\\\/thesoundofsportscars.at\\\/fans-registrierung\\\/\",\"url\":\"https:\\\/\\\/thesoundofsportscars.at\\\/fans-registrierung\\\/\",\"name\":\"Fans Registrierung - #thesoundofsportscars\",\"isPartOf\":{\"@id\":\"https:\\\/\\\/thesoundofsportscars.at\\\/#website\"},\"datePublished\":\"2025-08-29T10:37:41+00:00\",\"dateModified\":\"2025-12-12T09:56:21+00:00\",\"breadcrumb\":{\"@id\":\"https:\\\/\\\/thesoundofsportscars.at\\\/fans-registrierung\\\/#breadcrumb\"},\"inLanguage\":\"en-GB\",\"potentialAction\":[{\"@type\":\"ReadAction\",\"target\":[\"https:\\\/\\\/thesoundofsportscars.at\\\/fans-registrierung\\\/\"]}]},{\"@type\":\"BreadcrumbList\",\"@id\":\"https:\\\/\\\/thesoundofsportscars.at\\\/fans-registrierung\\\/#breadcrumb\",\"itemListElement\":[{\"@type\":\"ListItem\",\"position\":1,\"name\":\"Startseite\",\"item\":\"https:\\\/\\\/thesoundofsportscars.at\\\/\"},{\"@type\":\"ListItem\",\"position\":2,\"name\":\"Fans Registrierung\"}]},{\"@type\":\"WebSite\",\"@id\":\"https:\\\/\\\/thesoundofsportscars.at\\\/#website\",\"url\":\"https:\\\/\\\/thesoundofsportscars.at\\\/\",\"name\":\"#thesoundofsportscars\",\"description\":\"The annual sportscars meeting in austria\",\"publisher\":{\"@id\":\"https:\\\/\\\/thesoundofsportscars.at\\\/#organization\"},\"potentialAction\":[{\"@type\":\"SearchAction\",\"target\":{\"@type\":\"EntryPoint\",\"urlTemplate\":\"https:\\\/\\\/thesoundofsportscars.at\\\/?s={search_term_string}\"},\"query-input\":{\"@type\":\"PropertyValueSpecification\",\"valueRequired\":true,\"valueName\":\"search_term_string\"}}],\"inLanguage\":\"en-GB\"},{\"@type\":\"Organization\",\"@id\":\"https:\\\/\\\/thesoundofsportscars.at\\\/#organization\",\"name\":\"#thesoundofsportscars\",\"url\":\"https:\\\/\\\/thesoundofsportscars.at\\\/\",\"logo\":{\"@type\":\"ImageObject\",\"inLanguage\":\"en-GB\",\"@id\":\"https:\\\/\\\/thesoundofsportscars.at\\\/#\\\/schema\\\/logo\\\/image\\\/\",\"url\":\"https:\\\/\\\/thesoundofsportscars.at\\\/wp-content\\\/uploads\\\/2025\\\/08\\\/LogoTSOS500px.png\",\"contentUrl\":\"https:\\\/\\\/thesoundofsportscars.at\\\/wp-content\\\/uploads\\\/2025\\\/08\\\/LogoTSOS500px.png\",\"width\":500,\"height\":479,\"caption\":\"#thesoundofsportscars\"},\"image\":{\"@id\":\"https:\\\/\\\/thesoundofsportscars.at\\\/#\\\/schema\\\/logo\\\/image\\\/\"},\"sameAs\":[\"https:\\\/\\\/www.facebook.com\\\/thesoundofsportscars\\\/\",\"https:\\\/\\\/www.instagram.com\\\/thesoundofsportscars\\\/\"]}]}<\/script>\n<!-- \/ Yoast SEO plugin. -->","yoast_head_json":{"title":"Fans Registrierung - #thesoundofsportscars","robots":{"index":"index","follow":"follow","max-snippet":"max-snippet:-1","max-image-preview":"max-image-preview:large","max-video-preview":"max-video-preview:-1"},"canonical":"https:\/\/thesoundofsportscars.at\/en\/fans-registrierung\/","og_locale":"en_GB","og_type":"article","og_title":"Fans Registrierung - #thesoundofsportscars","og_description":"Fans Registrierung Registrierung f\u00fcr Fans die das Event hautnah erleben m\u00f6chten und bei uns bei unserem \u00f6ffentlichen Teil begleiten m\u00f6chten. E-Mail info@thesoundofsportscars.at Registrierung","og_url":"https:\/\/thesoundofsportscars.at\/en\/fans-registrierung\/","og_site_name":"#thesoundofsportscars","article_publisher":"https:\/\/www.facebook.com\/thesoundofsportscars\/","article_modified_time":"2025-12-12T09:56:21+00:00","twitter_card":"summary_large_image","twitter_misc":{"Estimated reading time":"1 minute"},"schema":{"@context":"https:\/\/schema.org","@graph":[{"@type":"WebPage","@id":"https:\/\/thesoundofsportscars.at\/fans-registrierung\/","url":"https:\/\/thesoundofsportscars.at\/fans-registrierung\/","name":"Fans Registrierung - #thesoundofsportscars","isPartOf":{"@id":"https:\/\/thesoundofsportscars.at\/#website"},"datePublished":"2025-08-29T10:37:41+00:00","dateModified":"2025-12-12T09:56:21+00:00","breadcrumb":{"@id":"https:\/\/thesoundofsportscars.at\/fans-registrierung\/#breadcrumb"},"inLanguage":"en-GB","potentialAction":[{"@type":"ReadAction","target":["https:\/\/thesoundofsportscars.at\/fans-registrierung\/"]}]},{"@type":"BreadcrumbList","@id":"https:\/\/thesoundofsportscars.at\/fans-registrierung\/#breadcrumb","itemListElement":[{"@type":"ListItem","position":1,"name":"Startseite","item":"https:\/\/thesoundofsportscars.at\/"},{"@type":"ListItem","position":2,"name":"Fans Registrierung"}]},{"@type":"WebSite","@id":"https:\/\/thesoundofsportscars.at\/#website","url":"https:\/\/thesoundofsportscars.at\/","name":"#thesoundofsportscars","description":"The annual sportscars meeting in austria","publisher":{"@id":"https:\/\/thesoundofsportscars.at\/#organization"},"potentialAction":[{"@type":"SearchAction","target":{"@type":"EntryPoint","urlTemplate":"https:\/\/thesoundofsportscars.at\/?s={search_term_string}"},"query-input":{"@type":"PropertyValueSpecification","valueRequired":true,"valueName":"search_term_string"}}],"inLanguage":"en-GB"},{"@type":"Organization","@id":"https:\/\/thesoundofsportscars.at\/#organization","name":"#thesoundofsportscars","url":"https:\/\/thesoundofsportscars.at\/","logo":{"@type":"ImageObject","inLanguage":"en-GB","@id":"https:\/\/thesoundofsportscars.at\/#\/schema\/logo\/image\/","url":"https:\/\/thesoundofsportscars.at\/wp-content\/uploads\/2025\/08\/LogoTSOS500px.png","contentUrl":"https:\/\/thesoundofsportscars.at\/wp-content\/uploads\/2025\/08\/LogoTSOS500px.png","width":500,"height":479,"caption":"#thesoundofsportscars"},"image":{"@id":"https:\/\/thesoundofsportscars.at\/#\/schema\/logo\/image\/"},"sameAs":["https:\/\/www.facebook.com\/thesoundofsportscars\/","https:\/\/www.instagram.com\/thesoundofsportscars\/"]}]}},"_links":{"self":[{"href":"https:\/\/thesoundofsportscars.at\/en\/wp-json\/wp\/v2\/pages\/92","targetHints":{"allow":["GET"]}}],"collection":[{"href":"https:\/\/thesoundofsportscars.at\/en\/wp-json\/wp\/v2\/pages"}],"about":[{"href":"https:\/\/thesoundofsportscars.at\/en\/wp-json\/wp\/v2\/types\/page"}],"author":[{"embeddable":true,"href":"https:\/\/thesoundofsportscars.at\/en\/wp-json\/wp\/v2\/users\/2"}],"replies":[{"embeddable":true,"href":"https:\/\/thesoundofsportscars.at\/en\/wp-json\/wp\/v2\/comments?post=92"}],"version-history":[{"count":0,"href":"https:\/\/thesoundofsportscars.at\/en\/wp-json\/wp\/v2\/pages\/92\/revisions"}],"wp:attachment":[{"href":"https:\/\/thesoundofsportscars.at\/en\/wp-json\/wp\/v2\/media?parent=92"}],"curies":[{"name":"wp","href":"https:\/\/api.w.org\/{rel}","templated":true}]}}